{"id":5168,"date":"2021-06-04T06:45:09","date_gmt":"2021-06-04T06:45:09","guid":{"rendered":"https:\/\/tauernhaus.at\/?page_id=5168"},"modified":"2025-04-10T16:30:11","modified_gmt":"2025-04-10T16:30:11","slug":"huette","status":"publish","type":"page","link":"https:\/\/tauernhaus.at\/de\/huette\/","title":{"rendered":"H\u00fctte"},"content":{"rendered":"<p><div class=\"fusion-fullwidth fullwidth-box nonhundred-percent-fullwidth non-hundred-percent-height-scrolling\"  style='background-color: rgba(255,255,255,0);background-position: center center;background-repeat: no-repeat;padding-top:0px;padding-right:0px;padding-bottom:0px;padding-left:0px;'><div class=\"fusion-builder-row fusion-row \"><div  class=\"fusion-layout-column fusion_builder_column fusion_builder_column_1_1  fusion-one-full fusion-column-first fusion-column-last 1_1\"  style='margin-top:0px;margin-bottom:20px;'>\n\t\t\t\t\t<div class=\"fusion-column-wrapper\" style=\"padding: 0px 0px 0px 0px;background-position:left top;background-repeat:no-repeat;-webkit-background-size:cover;-moz-background-size:cover;-o-background-size:cover;background-size:cover;\"  data-bg-url=\"\">\n\t\t\t\t\t\t<div class=\"fusion-text\"><h3 style=\"text-align: center;\">Die H\u00fctte ist nur w\u00e4hrend der Wintersaison ge\u00f6ffnet.<\/h3>\n<p style=\"text-align: center;\">35 Innen-, 45 Au\u00dfenpl\u00e4tze<\/p>\n<\/div><a class=\"fusion-modal-text-link\" href=\"#\"><\/a><div class=\"fusion-clearfix\"><\/div>\n\n\t\t\t\t\t<\/div>\n\t\t\t\t<\/div><\/div><\/div><div class=\"fusion-fullwidth fullwidth-box nonhundred-percent-fullwidth non-hundred-percent-height-scrolling\"  style='background-color: rgba(255,255,255,0);background-position: center center;background-repeat: no-repeat;padding-top:0px;padding-right:0px;padding-bottom:0px;padding-left:0px;'><div class=\"fusion-builder-row fusion-row \"><div  class=\"fusion-layout-column fusion_builder_column fusion_builder_column_1_1  fusion-one-full fusion-column-first fusion-column-last 1_1\"  style='margin-top:0px;margin-bottom:20px;'>\n\t\t\t\t\t<div class=\"fusion-column-wrapper\" style=\"padding: 0px 0px 0px 0px;background-position:left top;background-repeat:no-repeat;-webkit-background-size:cover;-moz-background-size:cover;-o-background-size:cover;background-size:cover;\"  data-bg-url=\"\">\n\t\t\t\t\t\t<div class=\"fusion-text\"><h2 style=\"text-align: center;\"><strong>Speisekarte<\/strong><\/h2>\n<\/div><div class=\"fusion-text\"><h2 style=\"text-align: center;\"><strong>Getr\u00e4nk blatt<\/strong><\/h2>\n<\/div><div class=\"fusion-clearfix\"><\/div>\n\n\t\t\t\t\t<\/div>\n\t\t\t\t<\/div><\/div><\/div><\/p>\n","protected":false},"excerpt":{"rendered":"","protected":false},"author":1,"featured_media":0,"parent":0,"menu_order":0,"comment_status":"closed","ping_status":"closed","template":"template-full-width-page.php","meta":{"footnotes":""},"categories":[154],"tags":[149],"class_list":["post-5168","page","type-page","status-publish","hentry","category-summer-de","tag-summer-de"],"_links":{"self":[{"href":"https:\/\/tauernhaus.at\/de\/wp-json\/wp\/v2\/pages\/5168","targetHints":{"allow":["GET"]}}],"collection":[{"href":"https:\/\/tauernhaus.at\/de\/wp-json\/wp\/v2\/pages"}],"about":[{"href":"https:\/\/tauernhaus.at\/de\/wp-json\/wp\/v2\/types\/page"}],"author":[{"embeddable":true,"href":"https:\/\/tauernhaus.at\/de\/wp-json\/wp\/v2\/users\/1"}],"replies":[{"embeddable":true,"href":"https:\/\/tauernhaus.at\/de\/wp-json\/wp\/v2\/comments?post=5168"}],"version-history":[{"count":5,"href":"https:\/\/tauernhaus.at\/de\/wp-json\/wp\/v2\/pages\/5168\/revisions"}],"predecessor-version":[{"id":201478,"href":"https:\/\/tauernhaus.at\/de\/wp-json\/wp\/v2\/pages\/5168\/revisions\/201478"}],"wp:attachment":[{"href":"https:\/\/tauernhaus.at\/de\/wp-json\/wp\/v2\/media?parent=5168"}],"wp:term":[{"taxonomy":"category","embeddable":true,"href":"https:\/\/tauernhaus.at\/de\/wp-json\/wp\/v2\/categories?post=5168"},{"taxonomy":"post_tag","embeddable":true,"href":"https:\/\/tauernhaus.at\/de\/wp-json\/wp\/v2\/tags?post=5168"}],"curies":[{"name":"wp","href":"https:\/\/api.w.org\/{rel}","templated":true}]}}